{"id":10120,"date":"2022-11-25T00:10:43","date_gmt":"2022-11-24T23:10:43","guid":{"rendered":"https:\/\/starmodul.com\/estructures-metalliques-per-a-naus-industrials\/"},"modified":"2024-01-08T14:43:33","modified_gmt":"2024-01-08T13:43:33","slug":"estructures-metalliques-per-a-naus-industrials","status":"publish","type":"page","link":"https:\/\/starmodul.com\/ca\/estructures-metalliques-per-a-naus-industrials\/","title":{"rendered":"Estructures Met\u00e0l\u00b7liques per a Naus Industrials"},"content":{"rendered":"\t\t<div data-elementor-type=\"wp-page\" data-elementor-id=\"10120\" class=\"elementor elementor-10120 elementor-310\" data-elementor-post-type=\"page\">\n\t\t\t\t\t\t<section class=\"elementor-section elementor-top-section elementor-element elementor-element-412afd3 elementor-section-full_width elementor-section-height-min-height elementor-section-items-stretch elementor-section-height-default\" data-id=\"412afd3\" data-element_type=\"section\" data-e-type=\"section\" data-settings=\"{&quot;background_background&quot;:&quot;classic&quot;,&quot;jet_parallax_layout_list&quot;:[]}\">\n\t\t\t\t\t\t<div class=\"elementor-container elementor-column-gap-default\">\n\t\t\t\t\t<div class=\"elementor-column elementor-col-50 elementor-top-column elementor-element elementor-element-befd7bb\" data-id=\"befd7bb\" data-element_type=\"column\" data-e-type=\"column\">\n\t\t\t<div class=\"elementor-widget-wrap elementor-element-populated\">\n\t\t\t\t\t\t<div class=\"elementor-element elementor-element-51d05b5 elementor-widget elementor-widget-heading\" data-id=\"51d05b5\" data-element_type=\"widget\" data-e-type=\"widget\" data-widget_type=\"heading.default\">\n\t\t\t\t<div class=\"elementor-widget-container\">\n\t\t\t\t\t<h1 class=\"elementor-heading-title elementor-size-default\">Sistema Estructures Met\u00e0l\u00b7liques per a Naus Industrials<\/h1>\t\t\t\t<\/div>\n\t\t\t\t<\/div>\n\t\t\t\t<div class=\"elementor-element elementor-element-7011b53 elementor-widget__width-initial elementor-widget elementor-widget-text-editor\" data-id=\"7011b53\" data-element_type=\"widget\" data-e-type=\"widget\" data-widget_type=\"text-editor.default\">\n\t\t\t\t<div class=\"elementor-widget-container\">\n\t\t\t\t\t\t\t\t\t<p>El sistema StarModul arriba a qualsevol sector industrial o privat que necessiti edificis lleugers, eficients, r\u00e0pids de muntar ia bon preu.<\/p><p>La nostra dilatada experi\u00e8ncia en tancaments, a\u00efllants i estructures, ens permet adaptar el vostre projecte o ajudar-lo amb el mateix&#8230; Perqu\u00e8 tingui la millor resposta a la necessitat.<\/p><p>Quan es tracta de construir una nau industrial, \u00e9s important tenir en compte totes les opcions disponibles quant a materials de construcci\u00f3. Una opci\u00f3 popular per a naus industrials s\u00f3n les estructures met\u00e0l\u00b7liques. Les estructures met\u00e0l\u00b7liques ofereixen molts avantatges, com durabilitat, versatilitat i assequibilitat. En aquest article explorarem els avantatges de fer servir estructures met\u00e0l\u00b7liques per a naus industrials, els diferents tipus d&#8217;estructures met\u00e0l\u00b7liques disponibles i consideracions importants per instal\u00b7lar-les. Al final d&#8217;aquest article, comprendreu millor per qu\u00e8 les estructures met\u00e0l\u00b7liques s\u00f3n una opci\u00f3 excel\u00b7lent per al vostre projecte de nau industrial.<\/p>\t\t\t\t\t\t\t\t<\/div>\n\t\t\t\t<\/div>\n\t\t\t\t<div class=\"elementor-element elementor-element-cfb56fd elementor-align-justify elementor-widget elementor-widget-button\" data-id=\"cfb56fd\" data-element_type=\"widget\" data-e-type=\"widget\" data-widget_type=\"button.default\">\n\t\t\t\t<div class=\"elementor-widget-container\">\n\t\t\t\t\t\t\t\t\t<div class=\"elementor-button-wrapper\">\n\t\t\t\t\t<a class=\"elementor-button elementor-button-link elementor-size-lg\" href=\"https:\/\/starmodul.com\/calculadora\/\" target=\"_blank\">\n\t\t\t\t\t\t<span class=\"elementor-button-content-wrapper\">\n\t\t\t\t\t\t\t\t\t<span class=\"elementor-button-text\">Utilitza calculadora 3D<\/span>\n\t\t\t\t\t<\/span>\n\t\t\t\t\t<\/a>\n\t\t\t\t<\/div>\n\t\t\t\t\t\t\t\t<\/div>\n\t\t\t\t<\/div>\n\t\t\t\t\t<\/div>\n\t\t<\/div>\n\t\t\t\t<div class=\"elementor-column elementor-col-50 elementor-top-column elementor-element elementor-element-2fdedb2\" data-id=\"2fdedb2\" data-element_type=\"column\" data-e-type=\"column\">\n\t\t\t<div class=\"elementor-widget-wrap elementor-element-populated\">\n\t\t\t\t\t\t<div class=\"elementor-element elementor-element-c2be204 elementor-widget elementor-widget-image\" data-id=\"c2be204\" data-element_type=\"widget\" data-e-type=\"widget\" data-widget_type=\"image.default\">\n\t\t\t\t<div class=\"elementor-widget-container\">\n\t\t\t\t\t\t\t\t\t\t\t\t\t\t\t<img fetchpriority=\"high\" decoding=\"async\" width=\"800\" height=\"435\" src=\"https:\/\/starmodul.com\/wp-content\/uploads\/2022\/11\/11-Oficinas-a-1024x557.jpg\" class=\"attachment-large size-large wp-image-6036\" alt=\"Naus Industrials amb estructura met\u00e0l\u00b7lica\" srcset=\"https:\/\/starmodul.com\/wp-content\/uploads\/2022\/11\/11-Oficinas-a-1024x557.jpg 1024w, https:\/\/starmodul.com\/wp-content\/uploads\/2022\/11\/11-Oficinas-a-300x163.jpg 300w, https:\/\/starmodul.com\/wp-content\/uploads\/2022\/11\/11-Oficinas-a-768x417.jpg 768w, https:\/\/starmodul.com\/wp-content\/uploads\/2022\/11\/11-Oficinas-a-1536x835.jpg 1536w, https:\/\/starmodul.com\/wp-content\/uploads\/2022\/11\/11-Oficinas-a-600x326.jpg 600w, https:\/\/starmodul.com\/wp-content\/uploads\/2022\/11\/11-Oficinas-a.jpg 2048w\" sizes=\"(max-width: 800px) 100vw, 800px\" title=\"\">\t\t\t\t\t\t\t\t\t\t\t\t\t\t\t<\/div>\n\t\t\t\t<\/div>\n\t\t\t\t\t<\/div>\n\t\t<\/div>\n\t\t\t\t\t<\/div>\n\t\t<\/section>\n\t\t\t\t<section class=\"elementor-section elementor-top-section elementor-element elementor-element-e5a8c11 elementor-section-full_width elementor-section-height-min-height elementor-section-items-stretch elementor-section-height-default\" data-id=\"e5a8c11\" data-element_type=\"section\" data-e-type=\"section\" data-settings=\"{&quot;background_background&quot;:&quot;classic&quot;,&quot;jet_parallax_layout_list&quot;:[]}\">\n\t\t\t\t\t\t<div class=\"elementor-container elementor-column-gap-default\">\n\t\t\t\t\t<div class=\"elementor-column elementor-col-50 elementor-top-column elementor-element elementor-element-29ade65\" data-id=\"29ade65\" data-element_type=\"column\" data-e-type=\"column\">\n\t\t\t<div class=\"elementor-widget-wrap elementor-element-populated\">\n\t\t\t\t\t\t<div class=\"elementor-element elementor-element-f36e372 elementor-widget elementor-widget-image\" data-id=\"f36e372\" data-element_type=\"widget\" data-e-type=\"widget\" data-widget_type=\"image.default\">\n\t\t\t\t<div class=\"elementor-widget-container\">\n\t\t\t\t\t\t\t\t\t\t\t\t\t\t\t<img fetchpriority=\"high\" decoding=\"async\" width=\"800\" height=\"435\" src=\"https:\/\/starmodul.com\/wp-content\/uploads\/2022\/11\/11-Oficinas-a-1024x557.jpg\" class=\"attachment-large size-large wp-image-6036\" alt=\"Naus Industrials amb estructura met\u00e0l\u00b7lica\" srcset=\"https:\/\/starmodul.com\/wp-content\/uploads\/2022\/11\/11-Oficinas-a-1024x557.jpg 1024w, https:\/\/starmodul.com\/wp-content\/uploads\/2022\/11\/11-Oficinas-a-300x163.jpg 300w, https:\/\/starmodul.com\/wp-content\/uploads\/2022\/11\/11-Oficinas-a-768x417.jpg 768w, https:\/\/starmodul.com\/wp-content\/uploads\/2022\/11\/11-Oficinas-a-1536x835.jpg 1536w, https:\/\/starmodul.com\/wp-content\/uploads\/2022\/11\/11-Oficinas-a-600x326.jpg 600w, https:\/\/starmodul.com\/wp-content\/uploads\/2022\/11\/11-Oficinas-a.jpg 2048w\" sizes=\"(max-width: 800px) 100vw, 800px\" title=\"\">\t\t\t\t\t\t\t\t\t\t\t\t\t\t\t<\/div>\n\t\t\t\t<\/div>\n\t\t\t\t\t<\/div>\n\t\t<\/div>\n\t\t\t\t<div class=\"elementor-column elementor-col-50 elementor-top-column elementor-element elementor-element-dc10ccc\" data-id=\"dc10ccc\" data-element_type=\"column\" data-e-type=\"column\">\n\t\t\t<div class=\"elementor-widget-wrap elementor-element-populated\">\n\t\t\t\t\t\t<div class=\"elementor-element elementor-element-3cc28e0 elementor-widget elementor-widget-heading\" data-id=\"3cc28e0\" data-element_type=\"widget\" data-e-type=\"widget\" data-widget_type=\"heading.default\">\n\t\t\t\t<div class=\"elementor-widget-container\">\n\t\t\t\t\t<h1 class=\"elementor-heading-title elementor-size-default\">Avantatges Estructures Met\u00e0l\u00b7liques per a Naus Industrials<\/h1>\t\t\t\t<\/div>\n\t\t\t\t<\/div>\n\t\t\t\t<div class=\"elementor-element elementor-element-48d5895 elementor-widget__width-initial elementor-widget elementor-widget-text-editor\" data-id=\"48d5895\" data-element_type=\"widget\" data-e-type=\"widget\" data-widget_type=\"text-editor.default\">\n\t\t\t\t<div class=\"elementor-widget-container\">\n\t\t\t\t\t\t\t\t\t<p>Les naus industrials opten cada cop m\u00e9s per les estructures met\u00e0l\u00b7liques, gr\u00e0cies als seus nombrosos avantatges. A m\u00e9s de la seva durabilitat i resist\u00e8ncia a la intemp\u00e8rie, les estructures met\u00e0l\u00b7liques requereixen poc manteniment i tenen una vida \u00fatil m\u00e9s llarga que els materials de construcci\u00f3 tradicionals, cosa que les converteix en una soluci\u00f3 rendible a llarg termini.<\/p>\n<p>A m\u00e9s, les estructures met\u00e0l\u00b7liques s\u00f3n molt vers\u00e0tils i personalitzables i ofereixen tota una gamma d&#8217;opcions per satisfer requisits i prefer\u00e8ncies espec\u00edfics. Ja sigui la mida, la forma o el color, aquestes estructures es poden adaptar a qualsevol necessitat i modificar-se o ampliar-se en el futur.<\/p>\n<p>A m\u00e9s, les estructures met\u00e0l\u00b7liques ofereixen una notable efici\u00e8ncia energ\u00e8tica. Amb excel\u00b7lents propietats a\u00efllants, poden retenir la calor al fred i mantenir un interior fresc a l&#8217;estiu. Aix\u00f2 redueix els costos energ\u00e8tics i crea un entorn agradable pels treballadors. A m\u00e9s, poden integrar sistemes d&#8217;il\u00b7luminaci\u00f3 i climatitzaci\u00f3 de baix consum per estalviar-ne encara m\u00e9s.<\/p>\n<p>Finalment, les estructures met\u00e0l\u00b7liques ofereixen una alternativa sostenible i ecol\u00f2gica als materials de construcci\u00f3 tradicionals. Reciclables, amb menys residus generats durant el proc\u00e9s de construcci\u00f3 i menys emissions de carboni, les estructures met\u00e0l\u00b7liques representen una opci\u00f3 excel\u00b7lent per a qualsevol empresa que vulgui contribuir a un futur m\u00e9s ecol\u00f2gic.<\/p>\n\t\t\t\t\t\t\t\t<\/div>\n\t\t\t\t<\/div>\n\t\t\t\t<div class=\"elementor-element elementor-element-4c55b87 elementor-align-justify elementor-widget elementor-widget-button\" data-id=\"4c55b87\" data-element_type=\"widget\" data-e-type=\"widget\" data-widget_type=\"button.default\">\n\t\t\t\t<div class=\"elementor-widget-container\">\n\t\t\t\t\t\t\t\t\t<div class=\"elementor-button-wrapper\">\n\t\t\t\t\t<a class=\"elementor-button elementor-button-link elementor-size-lg\" href=\"https:\/\/starmodul.com\/calculadora\/\" target=\"_blank\">\n\t\t\t\t\t\t<span class=\"elementor-button-content-wrapper\">\n\t\t\t\t\t\t\t\t\t<span class=\"elementor-button-text\">Utilitza calculadora 3D<\/span>\n\t\t\t\t\t<\/span>\n\t\t\t\t\t<\/a>\n\t\t\t\t<\/div>\n\t\t\t\t\t\t\t\t<\/div>\n\t\t\t\t<\/div>\n\t\t\t\t\t<\/div>\n\t\t<\/div>\n\t\t\t\t\t<\/div>\n\t\t<\/section>\n\t\t\t\t<section class=\"elementor-section elementor-top-section elementor-element elementor-element-7e0b7950 elementor-section-boxed elementor-section-height-default elementor-section-height-default\" data-id=\"7e0b7950\" data-element_type=\"section\" data-e-type=\"section\" data-settings=\"{&quot;background_background&quot;:&quot;classic&quot;,&quot;jet_parallax_layout_list&quot;:[]}\">\n\t\t\t\t\t\t<div class=\"elementor-container elementor-column-gap-default\">\n\t\t\t\t\t<div class=\"elementor-column elementor-col-50 elementor-top-column elementor-element elementor-element-166e7fe3\" data-id=\"166e7fe3\" data-element_type=\"column\" data-e-type=\"column\">\n\t\t\t<div class=\"elementor-widget-wrap elementor-element-populated\">\n\t\t\t\t\t\t<section class=\"elementor-section elementor-inner-section elementor-element elementor-element-21d06a2e elementor-section-boxed elementor-section-height-default elementor-section-height-default\" data-id=\"21d06a2e\" data-element_type=\"section\" data-e-type=\"section\" data-settings=\"{&quot;jet_parallax_layout_list&quot;:[]}\">\n\t\t\t\t\t\t<div class=\"elementor-container elementor-column-gap-default\">\n\t\t\t\t\t<div class=\"elementor-column elementor-col-100 elementor-inner-column elementor-element elementor-element-485db9e7\" data-id=\"485db9e7\" data-element_type=\"column\" data-e-type=\"column\">\n\t\t\t<div class=\"elementor-widget-wrap elementor-element-populated\">\n\t\t\t\t\t\t<div class=\"elementor-element elementor-element-4d1fada0 gallery-spacing-custom elementor-widget elementor-widget-image-gallery\" data-id=\"4d1fada0\" data-element_type=\"widget\" data-e-type=\"widget\" data-widget_type=\"image-gallery.default\">\n\t\t\t\t<div class=\"elementor-widget-container\">\n\t\t\t\t\t\t\t<div class=\"elementor-image-gallery\">\n\t\t\t<div id='gallery-1' class='gallery galleryid-10120 gallery-columns-3 gallery-size-large'><figure class='gallery-item'>\n\t\t\t<div class='gallery-icon landscape'>\n\t\t\t\t<a data-elementor-open-lightbox=\"yes\" data-elementor-lightbox-slideshow=\"4d1fada0\" data-elementor-lightbox-title=\"FAUR-24\" data-e-action-hash=\"#elementor-action%3Aaction%3Dlightbox%26settings%3DeyJpZCI6Njg1NSwidXJsIjoiaHR0cHM6XC9cL3N0YXJtb2R1bC5jb21cL3dwLWNvbnRlbnRcL3VwbG9hZHNcLzIwMjNcLzAyXC9GQVVSLTI0LXNjYWxlZC5qcGciLCJzbGlkZXNob3ciOiI0ZDFmYWRhMCJ9\" href='https:\/\/starmodul.com\/wp-content\/uploads\/2023\/02\/FAUR-24-scaled.jpg'><img decoding=\"async\" width=\"800\" height=\"600\" data-src=\"https:\/\/starmodul.com\/wp-content\/uploads\/2023\/02\/FAUR-24-1024x768.jpg\" class=\"attachment-large size-large lazyload\" alt=\"\" data-srcset=\"https:\/\/starmodul.com\/wp-content\/uploads\/2023\/02\/FAUR-24-1024x768.jpg 1024w, https:\/\/starmodul.com\/wp-content\/uploads\/2023\/02\/FAUR-24-300x225.jpg 300w, https:\/\/starmodul.com\/wp-content\/uploads\/2023\/02\/FAUR-24-768x576.jpg 768w, https:\/\/starmodul.com\/wp-content\/uploads\/2023\/02\/FAUR-24-1536x1152.jpg 1536w, https:\/\/starmodul.com\/wp-content\/uploads\/2023\/02\/FAUR-24-2048x1536.jpg 2048w, https:\/\/starmodul.com\/wp-content\/uploads\/2023\/02\/FAUR-24-600x450.jpg 600w\" data-sizes=\"(max-width: 800px) 100vw, 800px\" title=\"\" src=\"data:image\/svg+xml;base64,PHN2ZyB3aWR0aD0iMSIgaGVpZ2h0PSIxIiB4bWxucz0iaHR0cDovL3d3dy53My5vcmcvMjAwMC9zdmciPjwvc3ZnPg==\" style=\"--smush-placeholder-width: 800px; --smush-placeholder-aspect-ratio: 800\/600;\"><\/a>\n\t\t\t<\/div><\/figure><figure class='gallery-item'>\n\t\t\t<div class='gallery-icon landscape'>\n\t\t\t\t<a data-elementor-open-lightbox=\"yes\" data-elementor-lightbox-slideshow=\"4d1fada0\" data-elementor-lightbox-title=\"FAUR-23\" data-e-action-hash=\"#elementor-action%3Aaction%3Dlightbox%26settings%3DeyJpZCI6Njg1OCwidXJsIjoiaHR0cHM6XC9cL3N0YXJtb2R1bC5jb21cL3dwLWNvbnRlbnRcL3VwbG9hZHNcLzIwMjNcLzAyXC9GQVVSLTIzLXNjYWxlZC5qcGciLCJzbGlkZXNob3ciOiI0ZDFmYWRhMCJ9\" href='https:\/\/starmodul.com\/wp-content\/uploads\/2023\/02\/FAUR-23-scaled.jpg'><img decoding=\"async\" width=\"800\" height=\"600\" data-src=\"https:\/\/starmodul.com\/wp-content\/uploads\/2023\/02\/FAUR-23-1024x768.jpg\" class=\"attachment-large size-large lazyload\" alt=\"\" data-srcset=\"https:\/\/starmodul.com\/wp-content\/uploads\/2023\/02\/FAUR-23-1024x768.jpg 1024w, https:\/\/starmodul.com\/wp-content\/uploads\/2023\/02\/FAUR-23-300x225.jpg 300w, https:\/\/starmodul.com\/wp-content\/uploads\/2023\/02\/FAUR-23-768x576.jpg 768w, https:\/\/starmodul.com\/wp-content\/uploads\/2023\/02\/FAUR-23-1536x1152.jpg 1536w, https:\/\/starmodul.com\/wp-content\/uploads\/2023\/02\/FAUR-23-2048x1536.jpg 2048w, https:\/\/starmodul.com\/wp-content\/uploads\/2023\/02\/FAUR-23-600x450.jpg 600w\" data-sizes=\"(max-width: 800px) 100vw, 800px\" title=\"\" src=\"data:image\/svg+xml;base64,PHN2ZyB3aWR0aD0iMSIgaGVpZ2h0PSIxIiB4bWxucz0iaHR0cDovL3d3dy53My5vcmcvMjAwMC9zdmciPjwvc3ZnPg==\" style=\"--smush-placeholder-width: 800px; --smush-placeholder-aspect-ratio: 800\/600;\"><\/a>\n\t\t\t<\/div><\/figure><figure class='gallery-item'>\n\t\t\t<div class='gallery-icon landscape'>\n\t\t\t\t<a data-elementor-open-lightbox=\"yes\" data-elementor-lightbox-slideshow=\"4d1fada0\" data-elementor-lightbox-title=\"FAUR-22\" data-e-action-hash=\"#elementor-action%3Aaction%3Dlightbox%26settings%3DeyJpZCI6Njg2MSwidXJsIjoiaHR0cHM6XC9cL3N0YXJtb2R1bC5jb21cL3dwLWNvbnRlbnRcL3VwbG9hZHNcLzIwMjNcLzAyXC9GQVVSLTIyLXNjYWxlZC5qcGciLCJzbGlkZXNob3ciOiI0ZDFmYWRhMCJ9\" href='https:\/\/starmodul.com\/wp-content\/uploads\/2023\/02\/FAUR-22-scaled.jpg'><img decoding=\"async\" width=\"800\" height=\"600\" data-src=\"https:\/\/starmodul.com\/wp-content\/uploads\/2023\/02\/FAUR-22-1024x768.jpg\" class=\"attachment-large size-large lazyload\" alt=\"\" data-srcset=\"https:\/\/starmodul.com\/wp-content\/uploads\/2023\/02\/FAUR-22-1024x768.jpg 1024w, https:\/\/starmodul.com\/wp-content\/uploads\/2023\/02\/FAUR-22-300x225.jpg 300w, https:\/\/starmodul.com\/wp-content\/uploads\/2023\/02\/FAUR-22-768x576.jpg 768w, https:\/\/starmodul.com\/wp-content\/uploads\/2023\/02\/FAUR-22-1536x1152.jpg 1536w, https:\/\/starmodul.com\/wp-content\/uploads\/2023\/02\/FAUR-22-2048x1536.jpg 2048w, https:\/\/starmodul.com\/wp-content\/uploads\/2023\/02\/FAUR-22-600x450.jpg 600w\" data-sizes=\"(max-width: 800px) 100vw, 800px\" title=\"\" src=\"data:image\/svg+xml;base64,PHN2ZyB3aWR0aD0iMSIgaGVpZ2h0PSIxIiB4bWxucz0iaHR0cDovL3d3dy53My5vcmcvMjAwMC9zdmciPjwvc3ZnPg==\" style=\"--smush-placeholder-width: 800px; --smush-placeholder-aspect-ratio: 800\/600;\"><\/a>\n\t\t\t<\/div><\/figure><figure class='gallery-item'>\n\t\t\t<div class='gallery-icon landscape'>\n\t\t\t\t<a data-elementor-open-lightbox=\"yes\" data-elementor-lightbox-slideshow=\"4d1fada0\" data-elementor-lightbox-title=\"FAUR-21\" data-e-action-hash=\"#elementor-action%3Aaction%3Dlightbox%26settings%3DeyJpZCI6Njg2NCwidXJsIjoiaHR0cHM6XC9cL3N0YXJtb2R1bC5jb21cL3dwLWNvbnRlbnRcL3VwbG9hZHNcLzIwMjNcLzAyXC9GQVVSLTIxLXNjYWxlZC5qcGciLCJzbGlkZXNob3ciOiI0ZDFmYWRhMCJ9\" href='https:\/\/starmodul.com\/wp-content\/uploads\/2023\/02\/FAUR-21-scaled.jpg'><img decoding=\"async\" width=\"800\" height=\"600\" data-src=\"https:\/\/starmodul.com\/wp-content\/uploads\/2023\/02\/FAUR-21-1024x768.jpg\" class=\"attachment-large size-large lazyload\" alt=\"\" data-srcset=\"https:\/\/starmodul.com\/wp-content\/uploads\/2023\/02\/FAUR-21-1024x768.jpg 1024w, https:\/\/starmodul.com\/wp-content\/uploads\/2023\/02\/FAUR-21-300x225.jpg 300w, https:\/\/starmodul.com\/wp-content\/uploads\/2023\/02\/FAUR-21-768x576.jpg 768w, https:\/\/starmodul.com\/wp-content\/uploads\/2023\/02\/FAUR-21-1536x1152.jpg 1536w, https:\/\/starmodul.com\/wp-content\/uploads\/2023\/02\/FAUR-21-2048x1536.jpg 2048w, https:\/\/starmodul.com\/wp-content\/uploads\/2023\/02\/FAUR-21-600x450.jpg 600w\" data-sizes=\"(max-width: 800px) 100vw, 800px\" title=\"\" src=\"data:image\/svg+xml;base64,PHN2ZyB3aWR0aD0iMSIgaGVpZ2h0PSIxIiB4bWxucz0iaHR0cDovL3d3dy53My5vcmcvMjAwMC9zdmciPjwvc3ZnPg==\" style=\"--smush-placeholder-width: 800px; --smush-placeholder-aspect-ratio: 800\/600;\"><\/a>\n\t\t\t<\/div><\/figure><figure class='gallery-item'>\n\t\t\t<div class='gallery-icon landscape'>\n\t\t\t\t<a data-elementor-open-lightbox=\"yes\" data-elementor-lightbox-slideshow=\"4d1fada0\" data-elementor-lightbox-title=\"FAUR-14\" data-e-action-hash=\"#elementor-action%3Aaction%3Dlightbox%26settings%3DeyJpZCI6Njg3MywidXJsIjoiaHR0cHM6XC9cL3N0YXJtb2R1bC5jb21cL3dwLWNvbnRlbnRcL3VwbG9hZHNcLzIwMjNcLzAyXC9GQVVSLTE0LXNjYWxlZC5qcGciLCJzbGlkZXNob3ciOiI0ZDFmYWRhMCJ9\" href='https:\/\/starmodul.com\/wp-content\/uploads\/2023\/02\/FAUR-14-scaled.jpg'><img decoding=\"async\" width=\"800\" height=\"600\" data-src=\"https:\/\/starmodul.com\/wp-content\/uploads\/2023\/02\/FAUR-14-1024x768.jpg\" class=\"attachment-large size-large lazyload\" alt=\"\" data-srcset=\"https:\/\/starmodul.com\/wp-content\/uploads\/2023\/02\/FAUR-14-1024x768.jpg 1024w, https:\/\/starmodul.com\/wp-content\/uploads\/2023\/02\/FAUR-14-300x225.jpg 300w, https:\/\/starmodul.com\/wp-content\/uploads\/2023\/02\/FAUR-14-768x576.jpg 768w, https:\/\/starmodul.com\/wp-content\/uploads\/2023\/02\/FAUR-14-1536x1152.jpg 1536w, https:\/\/starmodul.com\/wp-content\/uploads\/2023\/02\/FAUR-14-2048x1536.jpg 2048w, https:\/\/starmodul.com\/wp-content\/uploads\/2023\/02\/FAUR-14-600x450.jpg 600w\" data-sizes=\"(max-width: 800px) 100vw, 800px\" title=\"\" src=\"data:image\/svg+xml;base64,PHN2ZyB3aWR0aD0iMSIgaGVpZ2h0PSIxIiB4bWxucz0iaHR0cDovL3d3dy53My5vcmcvMjAwMC9zdmciPjwvc3ZnPg==\" style=\"--smush-placeholder-width: 800px; --smush-placeholder-aspect-ratio: 800\/600;\"><\/a>\n\t\t\t<\/div><\/figure><figure class='gallery-item'>\n\t\t\t<div class='gallery-icon landscape'>\n\t\t\t\t<a data-elementor-open-lightbox=\"yes\" data-elementor-lightbox-slideshow=\"4d1fada0\" data-elementor-lightbox-title=\"FAUR-19\" data-e-action-hash=\"#elementor-action%3Aaction%3Dlightbox%26settings%3DeyJpZCI6Njg3MCwidXJsIjoiaHR0cHM6XC9cL3N0YXJtb2R1bC5jb21cL3dwLWNvbnRlbnRcL3VwbG9hZHNcLzIwMjNcLzAyXC9GQVVSLTE5LXNjYWxlZC5qcGciLCJzbGlkZXNob3ciOiI0ZDFmYWRhMCJ9\" href='https:\/\/starmodul.com\/wp-content\/uploads\/2023\/02\/FAUR-19-scaled.jpg'><img decoding=\"async\" width=\"800\" height=\"600\" data-src=\"https:\/\/starmodul.com\/wp-content\/uploads\/2023\/02\/FAUR-19-1024x768.jpg\" class=\"attachment-large size-large lazyload\" alt=\"\" data-srcset=\"https:\/\/starmodul.com\/wp-content\/uploads\/2023\/02\/FAUR-19-1024x768.jpg 1024w, https:\/\/starmodul.com\/wp-content\/uploads\/2023\/02\/FAUR-19-300x225.jpg 300w, https:\/\/starmodul.com\/wp-content\/uploads\/2023\/02\/FAUR-19-768x576.jpg 768w, https:\/\/starmodul.com\/wp-content\/uploads\/2023\/02\/FAUR-19-1536x1152.jpg 1536w, https:\/\/starmodul.com\/wp-content\/uploads\/2023\/02\/FAUR-19-2048x1536.jpg 2048w, https:\/\/starmodul.com\/wp-content\/uploads\/2023\/02\/FAUR-19-600x450.jpg 600w\" data-sizes=\"(max-width: 800px) 100vw, 800px\" title=\"\" src=\"data:image\/svg+xml;base64,PHN2ZyB3aWR0aD0iMSIgaGVpZ2h0PSIxIiB4bWxucz0iaHR0cDovL3d3dy53My5vcmcvMjAwMC9zdmciPjwvc3ZnPg==\" style=\"--smush-placeholder-width: 800px; --smush-placeholder-aspect-ratio: 800\/600;\"><\/a>\n\t\t\t<\/div><\/figure>\n\t\t<\/div>\n\t\t<\/div>\n\t\t\t\t\t\t<\/div>\n\t\t\t\t<\/div>\n\t\t\t\t\t<\/div>\n\t\t<\/div>\n\t\t\t\t\t<\/div>\n\t\t<\/section>\n\t\t\t\t\t<\/div>\n\t\t<\/div>\n\t\t\t\t<div class=\"elementor-column elementor-col-50 elementor-top-column elementor-element elementor-element-36f4a3c1\" data-id=\"36f4a3c1\" data-element_type=\"column\" data-e-type=\"column\">\n\t\t\t<div class=\"elementor-widget-wrap elementor-element-populated\">\n\t\t\t\t\t\t<div class=\"elementor-element elementor-element-25fc3c66 elementor-widget elementor-widget-heading\" data-id=\"25fc3c66\" data-element_type=\"widget\" data-e-type=\"widget\" data-widget_type=\"heading.default\">\n\t\t\t\t<div class=\"elementor-widget-container\">\n\t\t\t\t\t<h2 class=\"elementor-heading-title elementor-size-default\">Naus Industrials<\/h2>\t\t\t\t<\/div>\n\t\t\t\t<\/div>\n\t\t\t\t\t<\/div>\n\t\t<\/div>\n\t\t\t\t\t<\/div>\n\t\t<\/section>\n\t\t\t\t<\/div>\n\t\t","protected":false},"excerpt":{"rendered":"<p>Sistema Estructures Met\u00e0l\u00b7liques per a Naus Industrials El sistema StarModul arriba a qualsevol sector industrial o privat que necessiti edificis lleugers, eficients, r\u00e0pids de muntar ia bon preu. La nostra dilatada experi\u00e8ncia en tancaments, a\u00efllants i estructures, ens permet adaptar el vostre projecte o ajudar-lo amb el mateix&#8230; Perqu\u00e8 tingui la millor resposta a la [&hellip;]<\/p>\n","protected":false},"author":303,"featured_media":0,"parent":0,"menu_order":0,"comment_status":"closed","ping_status":"closed","template":"","meta":{"footnotes":""},"class_list":["post-10120","page","type-page","status-publish","hentry"],"_links":{"self":[{"href":"https:\/\/starmodul.com\/ca\/wp-json\/wp\/v2\/pages\/10120","targetHints":{"allow":["GET"]}}],"collection":[{"href":"https:\/\/starmodul.com\/ca\/wp-json\/wp\/v2\/pages"}],"about":[{"href":"https:\/\/starmodul.com\/ca\/wp-json\/wp\/v2\/types\/page"}],"author":[{"embeddable":true,"href":"https:\/\/starmodul.com\/ca\/wp-json\/wp\/v2\/users\/303"}],"replies":[{"embeddable":true,"href":"https:\/\/starmodul.com\/ca\/wp-json\/wp\/v2\/comments?post=10120"}],"version-history":[{"count":0,"href":"https:\/\/starmodul.com\/ca\/wp-json\/wp\/v2\/pages\/10120\/revisions"}],"wp:attachment":[{"href":"https:\/\/starmodul.com\/ca\/wp-json\/wp\/v2\/media?parent=10120"}],"curies":[{"name":"wp","href":"https:\/\/api.w.org\/{rel}","templated":true}]}}