{"id":10117,"date":"2022-11-26T18:33:39","date_gmt":"2022-11-26T17:33:39","guid":{"rendered":"https:\/\/starmodul.com\/estructures-metalliques-per-a-bungalow\/"},"modified":"2026-02-17T12:56:25","modified_gmt":"2026-02-17T11:56:25","slug":"estructures-metalliques-per-a-bungalow","status":"publish","type":"page","link":"https:\/\/starmodul.com\/ca\/estructures-metalliques-per-a-bungalow\/","title":{"rendered":"Estructures Met\u00e0l\u00b7liques per a Bungalow"},"content":{"rendered":"\t\t<div data-elementor-type=\"wp-page\" data-elementor-id=\"10117\" class=\"elementor elementor-10117 elementor-582\" data-elementor-post-type=\"page\">\n\t\t\t\t\t\t<section class=\"elementor-section elementor-top-section elementor-element elementor-element-d2bbf68 elementor-section-full_width elementor-section-height-min-height elementor-section-items-stretch elementor-section-height-default\" data-id=\"d2bbf68\" data-element_type=\"section\" data-e-type=\"section\" data-settings=\"{&quot;background_background&quot;:&quot;classic&quot;,&quot;jet_parallax_layout_list&quot;:[]}\">\n\t\t\t\t\t\t<div class=\"elementor-container elementor-column-gap-default\">\n\t\t\t\t\t<div class=\"elementor-column elementor-col-50 elementor-top-column elementor-element elementor-element-5954d7b\" data-id=\"5954d7b\" data-element_type=\"column\" data-e-type=\"column\">\n\t\t\t<div class=\"elementor-widget-wrap elementor-element-populated\">\n\t\t\t\t\t\t<div class=\"elementor-element elementor-element-8145ea1 elementor-widget elementor-widget-heading\" data-id=\"8145ea1\" data-element_type=\"widget\" data-e-type=\"widget\" data-widget_type=\"heading.default\">\n\t\t\t\t<div class=\"elementor-widget-container\">\n\t\t\t\t\t<h1 class=\"elementor-heading-title elementor-size-default\">Estructures Met\u00e0l\u00b7liques per a Bungalows<\/h1>\t\t\t\t<\/div>\n\t\t\t\t<\/div>\n\t\t\t\t<div class=\"elementor-element elementor-element-87b8e4b elementor-widget__width-initial elementor-widget elementor-widget-text-editor\" data-id=\"87b8e4b\" data-element_type=\"widget\" data-e-type=\"widget\" data-widget_type=\"text-editor.default\">\n\t\t\t\t<div class=\"elementor-widget-container\">\n\t\t\t\t\t\t\t\t\t<p>Fabriquem i subministrem components de la m\u00e9s alta qualitat, fiabilitat i seguretat, per oferir els millors bungalows i edificis auxiliars o serveis existents.<\/p><p>El nostre sistema \u00e9s ideal per a aquest tipus d&#8217;instal\u00b7lacions, ja sigui per a la construcci\u00f3 de sostres, coberts d&#8217;emmagatzematge o per a granges.<\/p><p>Aix\u00f2 \u00e9s degut a diverses raons, entre les quals destaquen la facilitat de muntatge, la rapidesa, la fiabilitat i la durabilitat dels materials utilitzats i el seu baix cost. A m\u00e9s, el sistema permet \u00abequivocar-se\u00bb en les previsions, i posteriorment ampliar, a\u00efllar-se, variar la il\u00b7luminaci\u00f3\u2026 Ja que tot \u00e9s absolutament modular i cargolable.<\/p><p>A m\u00e9s de poder garantir preus baixos, per\u00f2 amb una relaci\u00f3 de qualitat. En mancar de fonamentaci\u00f3, compleixen amb qualsevol normativa municipal o mediambiental. Perqu\u00e8 aquestes construccions s\u00f3n molt eficients i realitzades amb elements respectuosos amb el medi ambient<\/p>\t\t\t\t\t\t\t\t<\/div>\n\t\t\t\t<\/div>\n\t\t\t\t<div class=\"elementor-element elementor-element-e33ed7c elementor-align-justify elementor-widget elementor-widget-button\" data-id=\"e33ed7c\" data-element_type=\"widget\" data-e-type=\"widget\" data-widget_type=\"button.default\">\n\t\t\t\t<div class=\"elementor-widget-container\">\n\t\t\t\t\t\t\t\t\t<div class=\"elementor-button-wrapper\">\n\t\t\t\t\t<a class=\"elementor-button elementor-button-link elementor-size-lg\" href=\"https:\/\/starmodul.com\/calculadora\/\" target=\"_blank\">\n\t\t\t\t\t\t<span class=\"elementor-button-content-wrapper\">\n\t\t\t\t\t\t\t\t\t<span class=\"elementor-button-text\">Utilitza calculadora 3D<\/span>\n\t\t\t\t\t<\/span>\n\t\t\t\t\t<\/a>\n\t\t\t\t<\/div>\n\t\t\t\t\t\t\t\t<\/div>\n\t\t\t\t<\/div>\n\t\t\t\t\t<\/div>\n\t\t<\/div>\n\t\t\t\t<div class=\"elementor-column elementor-col-50 elementor-top-column elementor-element elementor-element-fbab373\" data-id=\"fbab373\" data-element_type=\"column\" data-e-type=\"column\">\n\t\t\t<div class=\"elementor-widget-wrap elementor-element-populated\">\n\t\t\t\t\t\t<div class=\"elementor-element elementor-element-146e061 elementor-widget elementor-widget-image\" data-id=\"146e061\" data-element_type=\"widget\" data-e-type=\"widget\" data-widget_type=\"image.default\">\n\t\t\t\t<div class=\"elementor-widget-container\">\n\t\t\t\t\t\t\t\t\t\t\t\t\t\t\t<img fetchpriority=\"high\" decoding=\"async\" width=\"800\" height=\"800\" src=\"https:\/\/starmodul.com\/wp-content\/uploads\/2023\/02\/110590807_134627181645974_1342083186909721673_n-e1677248617966-1024x1024.jpg\" class=\"attachment-large size-large wp-image-6888\" alt=\"\" srcset=\"https:\/\/starmodul.com\/wp-content\/uploads\/2023\/02\/110590807_134627181645974_1342083186909721673_n-e1677248617966-1024x1024.jpg 1024w, https:\/\/starmodul.com\/wp-content\/uploads\/2023\/02\/110590807_134627181645974_1342083186909721673_n-e1677248617966-300x300.jpg 300w, https:\/\/starmodul.com\/wp-content\/uploads\/2023\/02\/110590807_134627181645974_1342083186909721673_n-e1677248617966-150x150.jpg 150w, https:\/\/starmodul.com\/wp-content\/uploads\/2023\/02\/110590807_134627181645974_1342083186909721673_n-e1677248617966-768x768.jpg 768w, https:\/\/starmodul.com\/wp-content\/uploads\/2023\/02\/110590807_134627181645974_1342083186909721673_n-e1677248617966-600x600.jpg 600w, https:\/\/starmodul.com\/wp-content\/uploads\/2023\/02\/110590807_134627181645974_1342083186909721673_n-e1677248617966-100x100.jpg 100w, https:\/\/starmodul.com\/wp-content\/uploads\/2023\/02\/110590807_134627181645974_1342083186909721673_n-e1677248617966.jpg 1080w\" sizes=\"(max-width: 800px) 100vw, 800px\" title=\"\">\t\t\t\t\t\t\t\t\t\t\t\t\t\t\t<\/div>\n\t\t\t\t<\/div>\n\t\t\t\t\t<\/div>\n\t\t<\/div>\n\t\t\t\t\t<\/div>\n\t\t<\/section>\n\t\t\t\t<section class=\"elementor-section elementor-top-section elementor-element elementor-element-3d899817 elementor-section-boxed elementor-section-height-default elementor-section-height-default\" data-id=\"3d899817\" data-element_type=\"section\" data-e-type=\"section\" data-settings=\"{&quot;background_background&quot;:&quot;classic&quot;,&quot;jet_parallax_layout_list&quot;:[]}\">\n\t\t\t\t\t\t<div class=\"elementor-container elementor-column-gap-default\">\n\t\t\t\t\t<div class=\"elementor-column elementor-col-50 elementor-top-column elementor-element elementor-element-5a68b2e8\" data-id=\"5a68b2e8\" data-element_type=\"column\" data-e-type=\"column\">\n\t\t\t<div class=\"elementor-widget-wrap elementor-element-populated\">\n\t\t\t\t\t\t<section class=\"elementor-section elementor-inner-section elementor-element elementor-element-a3e3fd3 elementor-section-boxed elementor-section-height-default elementor-section-height-default\" data-id=\"a3e3fd3\" data-element_type=\"section\" data-e-type=\"section\" data-settings=\"{&quot;jet_parallax_layout_list&quot;:[]}\">\n\t\t\t\t\t\t<div class=\"elementor-container elementor-column-gap-default\">\n\t\t\t\t\t<div class=\"elementor-column elementor-col-100 elementor-inner-column elementor-element elementor-element-565ee9a3\" data-id=\"565ee9a3\" data-element_type=\"column\" data-e-type=\"column\">\n\t\t\t<div class=\"elementor-widget-wrap elementor-element-populated\">\n\t\t\t\t\t\t<div class=\"elementor-element elementor-element-15a18aaf gallery-spacing-custom elementor-widget elementor-widget-image-gallery\" data-id=\"15a18aaf\" data-element_type=\"widget\" data-e-type=\"widget\" data-widget_type=\"image-gallery.default\">\n\t\t\t\t<div class=\"elementor-widget-container\">\n\t\t\t\t\t\t\t<div class=\"elementor-image-gallery\">\n\t\t\t<div id='gallery-1' class='gallery galleryid-10117 gallery-columns-3 gallery-size-large'><figure class='gallery-item'>\n\t\t\t<div class='gallery-icon landscape'>\n\t\t\t\t<a data-elementor-open-lightbox=\"yes\" data-elementor-lightbox-slideshow=\"15a18aaf\" data-elementor-lightbox-title=\"2\" data-e-action-hash=\"#elementor-action%3Aaction%3Dlightbox%26settings%3DeyJpZCI6Njg3OSwidXJsIjoiaHR0cHM6XC9cL3N0YXJtb2R1bC5jb21cL3dwLWNvbnRlbnRcL3VwbG9hZHNcLzIwMjNcLzAyXC8yLmpwZyIsInNsaWRlc2hvdyI6IjE1YTE4YWFmIn0%3D\" href='https:\/\/starmodul.com\/wp-content\/uploads\/2023\/02\/2.jpg'><img decoding=\"async\" width=\"800\" height=\"600\" data-src=\"https:\/\/starmodul.com\/wp-content\/uploads\/2023\/02\/2-1024x768.jpg\" class=\"attachment-large size-large lazyload\" alt=\"\" data-srcset=\"https:\/\/starmodul.com\/wp-content\/uploads\/2023\/02\/2-1024x768.jpg 1024w, https:\/\/starmodul.com\/wp-content\/uploads\/2023\/02\/2-300x225.jpg 300w, https:\/\/starmodul.com\/wp-content\/uploads\/2023\/02\/2-768x576.jpg 768w, https:\/\/starmodul.com\/wp-content\/uploads\/2023\/02\/2-1536x1152.jpg 1536w, https:\/\/starmodul.com\/wp-content\/uploads\/2023\/02\/2-600x450.jpg 600w, https:\/\/starmodul.com\/wp-content\/uploads\/2023\/02\/2.jpg 1600w\" data-sizes=\"(max-width: 800px) 100vw, 800px\" title=\"\" src=\"data:image\/svg+xml;base64,PHN2ZyB3aWR0aD0iMSIgaGVpZ2h0PSIxIiB4bWxucz0iaHR0cDovL3d3dy53My5vcmcvMjAwMC9zdmciPjwvc3ZnPg==\" style=\"--smush-placeholder-width: 800px; --smush-placeholder-aspect-ratio: 800\/600;\"><\/a>\n\t\t\t<\/div><\/figure><figure class='gallery-item'>\n\t\t\t<div class='gallery-icon landscape'>\n\t\t\t\t<a data-elementor-open-lightbox=\"yes\" data-elementor-lightbox-slideshow=\"15a18aaf\" data-elementor-lightbox-title=\"5\" data-e-action-hash=\"#elementor-action%3Aaction%3Dlightbox%26settings%3DeyJpZCI6Njg4NSwidXJsIjoiaHR0cHM6XC9cL3N0YXJtb2R1bC5jb21cL3dwLWNvbnRlbnRcL3VwbG9hZHNcLzIwMjNcLzAyXC81LmpwZyIsInNsaWRlc2hvdyI6IjE1YTE4YWFmIn0%3D\" href='https:\/\/starmodul.com\/wp-content\/uploads\/2023\/02\/5.jpg'><img decoding=\"async\" width=\"800\" height=\"600\" data-src=\"https:\/\/starmodul.com\/wp-content\/uploads\/2023\/02\/5-1024x768.jpg\" class=\"attachment-large size-large lazyload\" alt=\"\" data-srcset=\"https:\/\/starmodul.com\/wp-content\/uploads\/2023\/02\/5-1024x768.jpg 1024w, https:\/\/starmodul.com\/wp-content\/uploads\/2023\/02\/5-300x225.jpg 300w, https:\/\/starmodul.com\/wp-content\/uploads\/2023\/02\/5-768x576.jpg 768w, https:\/\/starmodul.com\/wp-content\/uploads\/2023\/02\/5-1536x1152.jpg 1536w, https:\/\/starmodul.com\/wp-content\/uploads\/2023\/02\/5-600x450.jpg 600w, https:\/\/starmodul.com\/wp-content\/uploads\/2023\/02\/5.jpg 1600w\" data-sizes=\"(max-width: 800px) 100vw, 800px\" title=\"\" src=\"data:image\/svg+xml;base64,PHN2ZyB3aWR0aD0iMSIgaGVpZ2h0PSIxIiB4bWxucz0iaHR0cDovL3d3dy53My5vcmcvMjAwMC9zdmciPjwvc3ZnPg==\" style=\"--smush-placeholder-width: 800px; --smush-placeholder-aspect-ratio: 800\/600;\"><\/a>\n\t\t\t<\/div><\/figure><figure class='gallery-item'>\n\t\t\t<div class='gallery-icon landscape'>\n\t\t\t\t<a data-elementor-open-lightbox=\"yes\" data-elementor-lightbox-slideshow=\"15a18aaf\" data-elementor-lightbox-title=\"2020-06-04 09.49.13\" data-e-action-hash=\"#elementor-action%3Aaction%3Dlightbox%26settings%3DeyJpZCI6NjgwNywidXJsIjoiaHR0cHM6XC9cL3N0YXJtb2R1bC5jb21cL3dwLWNvbnRlbnRcL3VwbG9hZHNcLzIwMjNcLzAxXC8yMDIwLTA2LTA0LTA5LjQ5LjEzLmpwZyIsInNsaWRlc2hvdyI6IjE1YTE4YWFmIn0%3D\" href='https:\/\/starmodul.com\/wp-content\/uploads\/2023\/01\/2020-06-04-09.49.13.jpg'><img decoding=\"async\" width=\"800\" height=\"600\" data-src=\"https:\/\/starmodul.com\/wp-content\/uploads\/2023\/01\/2020-06-04-09.49.13-1024x768.jpg\" class=\"attachment-large size-large lazyload\" alt=\"\" data-srcset=\"https:\/\/starmodul.com\/wp-content\/uploads\/2023\/01\/2020-06-04-09.49.13-1024x768.jpg 1024w, https:\/\/starmodul.com\/wp-content\/uploads\/2023\/01\/2020-06-04-09.49.13-300x225.jpg 300w, https:\/\/starmodul.com\/wp-content\/uploads\/2023\/01\/2020-06-04-09.49.13-768x576.jpg 768w, https:\/\/starmodul.com\/wp-content\/uploads\/2023\/01\/2020-06-04-09.49.13-1536x1152.jpg 1536w, https:\/\/starmodul.com\/wp-content\/uploads\/2023\/01\/2020-06-04-09.49.13-600x450.jpg 600w, https:\/\/starmodul.com\/wp-content\/uploads\/2023\/01\/2020-06-04-09.49.13.jpg 1600w\" data-sizes=\"(max-width: 800px) 100vw, 800px\" title=\"\" src=\"data:image\/svg+xml;base64,PHN2ZyB3aWR0aD0iMSIgaGVpZ2h0PSIxIiB4bWxucz0iaHR0cDovL3d3dy53My5vcmcvMjAwMC9zdmciPjwvc3ZnPg==\" style=\"--smush-placeholder-width: 800px; --smush-placeholder-aspect-ratio: 800\/600;\"><\/a>\n\t\t\t<\/div><\/figure><figure class='gallery-item'>\n\t\t\t<div class='gallery-icon landscape'>\n\t\t\t\t<a data-elementor-open-lightbox=\"yes\" data-elementor-lightbox-slideshow=\"15a18aaf\" data-elementor-lightbox-title=\"2021-12-06 09.12.15\" data-e-action-hash=\"#elementor-action%3Aaction%3Dlightbox%26settings%3DeyJpZCI6NjkwMCwidXJsIjoiaHR0cHM6XC9cL3N0YXJtb2R1bC5jb21cL3dwLWNvbnRlbnRcL3VwbG9hZHNcLzIwMjNcLzAyXC8yMDIxLTEyLTA2LTA5LjEyLjE1LXNjYWxlZC5qcGciLCJzbGlkZXNob3ciOiIxNWExOGFhZiJ9\" href='https:\/\/starmodul.com\/wp-content\/uploads\/2023\/02\/2021-12-06-09.12.15-scaled.jpg'><img decoding=\"async\" width=\"800\" height=\"600\" data-src=\"https:\/\/starmodul.com\/wp-content\/uploads\/2023\/02\/2021-12-06-09.12.15-1024x768.jpg\" class=\"attachment-large size-large lazyload\" alt=\"\" data-srcset=\"https:\/\/starmodul.com\/wp-content\/uploads\/2023\/02\/2021-12-06-09.12.15-1024x768.jpg 1024w, https:\/\/starmodul.com\/wp-content\/uploads\/2023\/02\/2021-12-06-09.12.15-300x225.jpg 300w, https:\/\/starmodul.com\/wp-content\/uploads\/2023\/02\/2021-12-06-09.12.15-768x576.jpg 768w, https:\/\/starmodul.com\/wp-content\/uploads\/2023\/02\/2021-12-06-09.12.15-1536x1152.jpg 1536w, https:\/\/starmodul.com\/wp-content\/uploads\/2023\/02\/2021-12-06-09.12.15-2048x1536.jpg 2048w, https:\/\/starmodul.com\/wp-content\/uploads\/2023\/02\/2021-12-06-09.12.15-600x450.jpg 600w\" data-sizes=\"(max-width: 800px) 100vw, 800px\" title=\"\" src=\"data:image\/svg+xml;base64,PHN2ZyB3aWR0aD0iMSIgaGVpZ2h0PSIxIiB4bWxucz0iaHR0cDovL3d3dy53My5vcmcvMjAwMC9zdmciPjwvc3ZnPg==\" style=\"--smush-placeholder-width: 800px; --smush-placeholder-aspect-ratio: 800\/600;\"><\/a>\n\t\t\t<\/div><\/figure><figure class='gallery-item'>\n\t\t\t<div class='gallery-icon landscape'>\n\t\t\t\t<a data-elementor-open-lightbox=\"yes\" data-elementor-lightbox-slideshow=\"15a18aaf\" data-elementor-lightbox-title=\"2021-12-06 09.10.49\" data-e-action-hash=\"#elementor-action%3Aaction%3Dlightbox%26settings%3DeyJpZCI6NjkwMywidXJsIjoiaHR0cHM6XC9cL3N0YXJtb2R1bC5jb21cL3dwLWNvbnRlbnRcL3VwbG9hZHNcLzIwMjNcLzAyXC8yMDIxLTEyLTA2LTA5LjEwLjQ5LXNjYWxlZC5qcGciLCJzbGlkZXNob3ciOiIxNWExOGFhZiJ9\" href='https:\/\/starmodul.com\/wp-content\/uploads\/2023\/02\/2021-12-06-09.10.49-scaled.jpg'><img decoding=\"async\" width=\"800\" height=\"600\" data-src=\"https:\/\/starmodul.com\/wp-content\/uploads\/2023\/02\/2021-12-06-09.10.49-1024x768.jpg\" class=\"attachment-large size-large lazyload\" alt=\"\" data-srcset=\"https:\/\/starmodul.com\/wp-content\/uploads\/2023\/02\/2021-12-06-09.10.49-1024x768.jpg 1024w, https:\/\/starmodul.com\/wp-content\/uploads\/2023\/02\/2021-12-06-09.10.49-300x225.jpg 300w, https:\/\/starmodul.com\/wp-content\/uploads\/2023\/02\/2021-12-06-09.10.49-768x576.jpg 768w, https:\/\/starmodul.com\/wp-content\/uploads\/2023\/02\/2021-12-06-09.10.49-1536x1152.jpg 1536w, https:\/\/starmodul.com\/wp-content\/uploads\/2023\/02\/2021-12-06-09.10.49-2048x1536.jpg 2048w, https:\/\/starmodul.com\/wp-content\/uploads\/2023\/02\/2021-12-06-09.10.49-600x450.jpg 600w\" data-sizes=\"(max-width: 800px) 100vw, 800px\" title=\"\" src=\"data:image\/svg+xml;base64,PHN2ZyB3aWR0aD0iMSIgaGVpZ2h0PSIxIiB4bWxucz0iaHR0cDovL3d3dy53My5vcmcvMjAwMC9zdmciPjwvc3ZnPg==\" style=\"--smush-placeholder-width: 800px; --smush-placeholder-aspect-ratio: 800\/600;\"><\/a>\n\t\t\t<\/div><\/figure><figure class='gallery-item'>\n\t\t\t<div class='gallery-icon landscape'>\n\t\t\t\t<a data-elementor-open-lightbox=\"yes\" data-elementor-lightbox-slideshow=\"15a18aaf\" data-elementor-lightbox-title=\"x01,P20Cabana2_1.jpg.pagespeed.ic.obk0LCHPrG\" data-e-action-hash=\"#elementor-action%3Aaction%3Dlightbox%26settings%3DeyJpZCI6NTk5MSwidXJsIjoiaHR0cHM6XC9cL3N0YXJtb2R1bC5jb21cL3dwLWNvbnRlbnRcL3VwbG9hZHNcLzIwMjJcLzExXC94MDFQMjBDYWJhbmEyXzEuanBnLnBhZ2VzcGVlZC5pY18ub2JrMExDSFByRy5qcGVnIiwic2xpZGVzaG93IjoiMTVhMThhYWYifQ%3D%3D\" href='https:\/\/starmodul.com\/wp-content\/uploads\/2022\/11\/x01P20Cabana2_1.jpg.pagespeed.ic_.obk0LCHPrG.jpeg'><img decoding=\"async\" width=\"800\" height=\"415\" data-src=\"https:\/\/starmodul.com\/wp-content\/uploads\/2022\/11\/x01P20Cabana2_1.jpg.pagespeed.ic_.obk0LCHPrG-1024x531.jpeg\" class=\"attachment-large size-large lazyload\" alt=\"\" data-srcset=\"https:\/\/starmodul.com\/wp-content\/uploads\/2022\/11\/x01P20Cabana2_1.jpg.pagespeed.ic_.obk0LCHPrG-1024x531.jpeg 1024w, https:\/\/starmodul.com\/wp-content\/uploads\/2022\/11\/x01P20Cabana2_1.jpg.pagespeed.ic_.obk0LCHPrG-300x156.jpeg 300w, https:\/\/starmodul.com\/wp-content\/uploads\/2022\/11\/x01P20Cabana2_1.jpg.pagespeed.ic_.obk0LCHPrG-768x398.jpeg 768w, https:\/\/starmodul.com\/wp-content\/uploads\/2022\/11\/x01P20Cabana2_1.jpg.pagespeed.ic_.obk0LCHPrG-1536x797.jpeg 1536w, https:\/\/starmodul.com\/wp-content\/uploads\/2022\/11\/x01P20Cabana2_1.jpg.pagespeed.ic_.obk0LCHPrG-600x311.jpeg 600w, https:\/\/starmodul.com\/wp-content\/uploads\/2022\/11\/x01P20Cabana2_1.jpg.pagespeed.ic_.obk0LCHPrG.jpeg 1858w\" data-sizes=\"(max-width: 800px) 100vw, 800px\" title=\"\" src=\"data:image\/svg+xml;base64,PHN2ZyB3aWR0aD0iMSIgaGVpZ2h0PSIxIiB4bWxucz0iaHR0cDovL3d3dy53My5vcmcvMjAwMC9zdmciPjwvc3ZnPg==\" style=\"--smush-placeholder-width: 800px; --smush-placeholder-aspect-ratio: 800\/415;\"><\/a>\n\t\t\t<\/div><\/figure>\n\t\t<\/div>\n\t\t<\/div>\n\t\t\t\t\t\t<\/div>\n\t\t\t\t<\/div>\n\t\t\t\t\t<\/div>\n\t\t<\/div>\n\t\t\t\t\t<\/div>\n\t\t<\/section>\n\t\t\t\t\t<\/div>\n\t\t<\/div>\n\t\t\t\t<div class=\"elementor-column elementor-col-50 elementor-top-column elementor-element elementor-element-3dae02c\" data-id=\"3dae02c\" data-element_type=\"column\" data-e-type=\"column\">\n\t\t\t<div class=\"elementor-widget-wrap elementor-element-populated\">\n\t\t\t\t\t\t<div class=\"elementor-element elementor-element-639e6894 elementor-widget elementor-widget-heading\" data-id=\"639e6894\" data-element_type=\"widget\" data-e-type=\"widget\" data-widget_type=\"heading.default\">\n\t\t\t\t<div class=\"elementor-widget-container\">\n\t\t\t\t\t<h2 class=\"elementor-heading-title elementor-size-default\">Bungalows i Albergs<\/h2>\t\t\t\t<\/div>\n\t\t\t\t<\/div>\n\t\t\t\t\t<\/div>\n\t\t<\/div>\n\t\t\t\t\t<\/div>\n\t\t<\/section>\n\t\t\t\t<\/div>\n\t\t","protected":false},"excerpt":{"rendered":"<p>Estructures Met\u00e0l\u00b7liques per a Bungalows Fabriquem i subministrem components de la m\u00e9s alta qualitat, fiabilitat i seguretat, per oferir els millors bungalows i edificis auxiliars o serveis existents. El nostre sistema \u00e9s ideal per a aquest tipus d&#8217;instal\u00b7lacions, ja sigui per a la construcci\u00f3 de sostres, coberts d&#8217;emmagatzematge o per a granges. Aix\u00f2 \u00e9s degut [&hellip;]<\/p>\n","protected":false},"author":303,"featured_media":0,"parent":0,"menu_order":0,"comment_status":"closed","ping_status":"closed","template":"","meta":{"footnotes":""},"class_list":["post-10117","page","type-page","status-publish","hentry"],"_links":{"self":[{"href":"https:\/\/starmodul.com\/ca\/wp-json\/wp\/v2\/pages\/10117","targetHints":{"allow":["GET"]}}],"collection":[{"href":"https:\/\/starmodul.com\/ca\/wp-json\/wp\/v2\/pages"}],"about":[{"href":"https:\/\/starmodul.com\/ca\/wp-json\/wp\/v2\/types\/page"}],"author":[{"embeddable":true,"href":"https:\/\/starmodul.com\/ca\/wp-json\/wp\/v2\/users\/303"}],"replies":[{"embeddable":true,"href":"https:\/\/starmodul.com\/ca\/wp-json\/wp\/v2\/comments?post=10117"}],"version-history":[{"count":0,"href":"https:\/\/starmodul.com\/ca\/wp-json\/wp\/v2\/pages\/10117\/revisions"}],"wp:attachment":[{"href":"https:\/\/starmodul.com\/ca\/wp-json\/wp\/v2\/media?parent=10117"}],"curies":[{"name":"wp","href":"https:\/\/api.w.org\/{rel}","templated":true}]}}