{"id":10112,"date":"2022-12-25T10:03:11","date_gmt":"2022-12-25T09:03:11","guid":{"rendered":"https:\/\/starmodul.com\/termes-i-condicions\/"},"modified":"2024-07-11T08:32:55","modified_gmt":"2024-07-11T06:32:55","slug":"termes-i-condicions","status":"publish","type":"page","link":"https:\/\/starmodul.com\/ca\/termes-i-condicions\/","title":{"rendered":"Termes i condicions"},"content":{"rendered":"\t\t<div data-elementor-type=\"wp-page\" data-elementor-id=\"10112\" class=\"elementor elementor-10112 elementor-1299\" data-elementor-post-type=\"page\">\n\t\t\t\t\t\t<section class=\"elementor-section elementor-top-section elementor-element elementor-element-317c167 elementor-section-boxed elementor-section-height-default elementor-section-height-default\" data-id=\"317c167\" data-element_type=\"section\" data-e-type=\"section\" data-settings=\"{&quot;background_background&quot;:&quot;classic&quot;,&quot;jet_parallax_layout_list&quot;:[]}\">\n\t\t\t\t\t\t<div class=\"elementor-container elementor-column-gap-default\">\n\t\t\t\t\t<div class=\"elementor-column elementor-col-100 elementor-top-column elementor-element elementor-element-a70002e\" data-id=\"a70002e\" data-element_type=\"column\" data-e-type=\"column\">\n\t\t\t<div class=\"elementor-widget-wrap elementor-element-populated\">\n\t\t\t\t\t\t<div class=\"elementor-element elementor-element-40bd93a elementor-widget elementor-widget-heading\" data-id=\"40bd93a\" data-element_type=\"widget\" data-e-type=\"widget\" data-widget_type=\"heading.default\">\n\t\t\t\t<div class=\"elementor-widget-container\">\n\t\t\t\t\t<h2 class=\"elementor-heading-title elementor-size-default\">Termes i condicions d'\u00fas<\/h2>\t\t\t\t<\/div>\n\t\t\t\t<\/div>\n\t\t\t\t\t<\/div>\n\t\t<\/div>\n\t\t\t\t\t<\/div>\n\t\t<\/section>\n\t\t\t\t<section class=\"elementor-section elementor-top-section elementor-element elementor-element-941678d elementor-section-boxed elementor-section-height-default elementor-section-height-default\" data-id=\"941678d\" data-element_type=\"section\" data-e-type=\"section\" data-settings=\"{&quot;jet_parallax_layout_list&quot;:[]}\">\n\t\t\t\t\t\t<div class=\"elementor-container elementor-column-gap-default\">\n\t\t\t\t\t<div class=\"elementor-column elementor-col-100 elementor-top-column elementor-element elementor-element-41db047\" data-id=\"41db047\" data-element_type=\"column\" data-e-type=\"column\">\n\t\t\t<div class=\"elementor-widget-wrap elementor-element-populated\">\n\t\t\t\t\t\t<div class=\"elementor-element elementor-element-13c2338 elementor-widget elementor-widget-heading\" data-id=\"13c2338\" data-element_type=\"widget\" data-e-type=\"widget\" data-widget_type=\"heading.default\">\n\t\t\t\t<div class=\"elementor-widget-container\">\n\t\t\t\t\t<h2 class=\"elementor-heading-title elementor-size-default\">PROC\u00c9S DE COMPRA I\/O CONTRACTACI\u00d3<\/h2>\t\t\t\t<\/div>\n\t\t\t\t<\/div>\n\t\t\t\t<div class=\"elementor-element elementor-element-021ee4a elementor-widget elementor-widget-text-editor\" data-id=\"021ee4a\" data-element_type=\"widget\" data-e-type=\"widget\" data-widget_type=\"text-editor.default\">\n\t\t\t\t<div class=\"elementor-widget-container\">\n\t\t\t\t\t\t\t\t\t<p>Per realitzar qualsevol compra a www.starmodul.com cal que el client sigui m\u00e9s gran.<\/p>\n<p>A m\u00e9s, caldr\u00e0 que el client es registri a www.starmodul.com a trav\u00e9s d&#8217;un formulari de recollida de dades en qu\u00e8 es proporcioni a CUATELART la informaci\u00f3 necess\u00e0ria per a la contractaci\u00f3; dades que en qualsevol cas seran veraces, exactes i complets sobre la seva identitat i que el client haur\u00e0 de consentir expressament mitjan\u00e7ant l&#8217;acceptaci\u00f3 de la pol\u00edtica de privadesa de CUATELART.<\/p>\n<p>Els passos a seguir per fer la compra s\u00f3n:<\/p>\n<ol>\n<li>Escollir el producte i posar-lo al carro.<\/li>\n<li>Selecci\u00f3 de la direcci\u00f3 de lliurament.<\/li>\n<li>Selecci\u00f3 de la direcci\u00f3 de facturaci\u00f3.<\/li>\n<li>Selecci\u00f3 del m\u00e8tode d&#8217;enviament.<\/li>\n<li>Selecci\u00f3 del m\u00e8tode de pagament.\n<\/li>\n<\/ol>\n<p>Aix\u00ed mateix, \u00e9s recomanable que el client imprimeixi i\/o guardi una c\u00f2pia en suport durador de les condicions de venda en realitzar la seva comanda, aix\u00ed com tamb\u00e9 del comprovant de recepci\u00f3 enviat per CUATELART per correu electr\u00f2nic.<\/p>\n<h4>FACTURACI\u00d3<\/h4>\n<p>Juntament amb la vostra comanda, rebr\u00e0 la corresponent factura.<\/p>\n<p>Aquesta factura ser\u00e0 enviada per correu ordinari.<\/p>\n\t\t\t\t\t\t\t\t<\/div>\n\t\t\t\t<\/div>\n\t\t\t\t\t<\/div>\n\t\t<\/div>\n\t\t\t\t\t<\/div>\n\t\t<\/section>\n\t\t\t\t<section class=\"elementor-section elementor-top-section elementor-element elementor-element-844b8b9 elementor-section-boxed elementor-section-height-default elementor-section-height-default\" data-id=\"844b8b9\" data-element_type=\"section\" data-e-type=\"section\" data-settings=\"{&quot;jet_parallax_layout_list&quot;:[],&quot;background_background&quot;:&quot;classic&quot;}\">\n\t\t\t\t\t\t<div class=\"elementor-container elementor-column-gap-default\">\n\t\t\t\t\t<div class=\"elementor-column elementor-col-100 elementor-top-column elementor-element elementor-element-ef98e42\" data-id=\"ef98e42\" data-element_type=\"column\" data-e-type=\"column\">\n\t\t\t<div class=\"elementor-widget-wrap elementor-element-populated\">\n\t\t\t\t\t\t<div class=\"elementor-element elementor-element-5cccde6 elementor-widget elementor-widget-heading\" data-id=\"5cccde6\" data-element_type=\"widget\" data-e-type=\"widget\" data-widget_type=\"heading.default\">\n\t\t\t\t<div class=\"elementor-widget-container\">\n\t\t\t\t\t<h2 class=\"elementor-heading-title elementor-size-default\">POL\u00cdTICA DE LLIURAMENT DE MERCADERIES\n<\/h2>\t\t\t\t<\/div>\n\t\t\t\t<\/div>\n\t\t\t\t<div class=\"elementor-element elementor-element-77a9818 elementor-widget elementor-widget-text-editor\" data-id=\"77a9818\" data-element_type=\"widget\" data-e-type=\"widget\" data-widget_type=\"text-editor.default\">\n\t\t\t\t<div class=\"elementor-widget-container\">\n\t\t\t\t\t\t\t\t\t<p>La comanda ser\u00e0 lliurada a l&#8217;adre\u00e7a indicada pel client en el moment de la contractaci\u00f3<\/p>\n<h4><strong>TERMINIS DE LLIURAMENT<\/strong><\/h4>\n<ul>\n<li><u>Amb exist\u00e8ncies<\/u> :<br \/>Per a Catalunya i Arag\u00f3: 2-3 dies  <br \/>Resta de comunitats: 7-8 dies<\/li>\n<li><u>Sense exist\u00e8ncies<\/u> :<br \/>2-3 setmanes a totes les prov\u00edncies<\/li>\n<\/ul>\n\t\t\t\t\t\t\t\t<\/div>\n\t\t\t\t<\/div>\n\t\t\t\t\t<\/div>\n\t\t<\/div>\n\t\t\t\t\t<\/div>\n\t\t<\/section>\n\t\t\t\t<section class=\"elementor-section elementor-top-section elementor-element elementor-element-24cf5ee elementor-section-boxed elementor-section-height-default elementor-section-height-default\" data-id=\"24cf5ee\" data-element_type=\"section\" data-e-type=\"section\" data-settings=\"{&quot;jet_parallax_layout_list&quot;:[],&quot;background_background&quot;:&quot;classic&quot;}\">\n\t\t\t\t\t\t<div class=\"elementor-container elementor-column-gap-default\">\n\t\t\t\t\t<div class=\"elementor-column elementor-col-100 elementor-top-column elementor-element elementor-element-547555a\" data-id=\"547555a\" data-element_type=\"column\" data-e-type=\"column\">\n\t\t\t<div class=\"elementor-widget-wrap elementor-element-populated\">\n\t\t\t\t\t\t<div class=\"elementor-element elementor-element-fff86d8 elementor-widget elementor-widget-heading\" data-id=\"fff86d8\" data-element_type=\"widget\" data-e-type=\"widget\" data-widget_type=\"heading.default\">\n\t\t\t\t<div class=\"elementor-widget-container\">\n\t\t\t\t\t<h2 class=\"elementor-heading-title elementor-size-default\">PREUS, DESPESES I IMPOSTOS<\/h2>\t\t\t\t<\/div>\n\t\t\t\t<\/div>\n\t\t\t\t<div class=\"elementor-element elementor-element-00c0cd2 elementor-widget elementor-widget-text-editor\" data-id=\"00c0cd2\" data-element_type=\"widget\" data-e-type=\"widget\" data-widget_type=\"text-editor.default\">\n\t\t\t\t<div class=\"elementor-widget-container\">\n\t\t\t\t\t\t\t\t\t<p>Els preus dels productes que es recullen a www.starmodul.com vindran expressats a Euros llevat que s&#8217;expressi el contrari i estaran garantits durant el temps de validesa dels mateixos, excepte error d&#8217;impressi\u00f3 i sigui quina sigui la destinaci\u00f3 de la comanda.<\/p>\n<h4>PRODUCTES<\/h4>\n<p>Els preus finals de tots els productes, (i si escau, els preus finals per unitat de mesura, quan sigui obligatori) juntament amb les seves caracter\u00edstiques, les ofertes, descomptes, etc., es reflecteixen en cadascun dels articles que apareixen a el cat\u00e0leg de http:\/\/panelsandwich.org.<\/p>\n<ul>\n<li>Els productes NO tenen IVA incl\u00f2s.<\/li>\n<li>El tipus dIVA \u00e9s del 21%.<\/li>\n<li>Despeses d&#8217;enviament: s\u00f3n les que s&#8217;indiquen el moment de fer la compra.\n<\/li>\n<\/ul>\n<p>Els preus dels productes poden variar en qualsevol moment. En aquest cas, el preu a aplicar ser\u00e0 el vigent a la data de realitzaci\u00f3 de la comanda. De qualsevol manera, el cost final ser\u00e0 comunicat al client en el proc\u00e9s de compra electr\u00f2nica abans que aquest en formalitzi l&#8217;acceptaci\u00f3.<\/p>\n<p>Els productes tenen una garantia de tres anys<\/p>\n\t\t\t\t\t\t\t\t<\/div>\n\t\t\t\t<\/div>\n\t\t\t\t\t<\/div>\n\t\t<\/div>\n\t\t\t\t\t<\/div>\n\t\t<\/section>\n\t\t\t\t<section class=\"elementor-section elementor-top-section elementor-element elementor-element-ae70b74 elementor-section-boxed elementor-section-height-default elementor-section-height-default\" data-id=\"ae70b74\" data-element_type=\"section\" data-e-type=\"section\" data-settings=\"{&quot;jet_parallax_layout_list&quot;:[],&quot;background_background&quot;:&quot;classic&quot;}\">\n\t\t\t\t\t\t<div class=\"elementor-container elementor-column-gap-default\">\n\t\t\t\t\t<div class=\"elementor-column elementor-col-100 elementor-top-column elementor-element elementor-element-3c85037\" data-id=\"3c85037\" data-element_type=\"column\" data-e-type=\"column\">\n\t\t\t<div class=\"elementor-widget-wrap elementor-element-populated\">\n\t\t\t\t\t\t<div class=\"elementor-element elementor-element-9bc8261 elementor-widget elementor-widget-heading\" data-id=\"9bc8261\" data-element_type=\"widget\" data-e-type=\"widget\" data-widget_type=\"heading.default\">\n\t\t\t\t<div class=\"elementor-widget-container\">\n\t\t\t\t\t<h2 class=\"elementor-heading-title elementor-size-default\">POL\u00cdTICA DE DEVOLUCIONS I DESISTIMENT<\/h2>\t\t\t\t<\/div>\n\t\t\t\t<\/div>\n\t\t\t\t<div class=\"elementor-element elementor-element-7b2b3db elementor-widget elementor-widget-text-editor\" data-id=\"7b2b3db\" data-element_type=\"widget\" data-e-type=\"widget\" data-widget_type=\"text-editor.default\">\n\t\t\t\t<div class=\"elementor-widget-container\">\n\t\t\t\t\t\t\t\t\t<p>Segons estableix la normativa, el consumidor i usuari tindr\u00e0 dret a DESISTIR del contracte durant un per\u00edode m\u00e0xim de 15 dies naturals sense necessitat d&#8217;indicar-ne el motiu i sense inc\u00f3rrer en cap cost, llevat dels previstos a l&#8217;art. 107.2 i 108 del RD 1\/2007, de 16 de novembre, pel qual saprova el text referit de la Llei General per a la Defensa dels Consumidors i Usuaris. El client suportar\u00e0 els costos de devoluci\u00f3 dels b\u00e9ns<\/p>\n<p>Aquest dret de desistiment no \u00e9s aplicable entre d&#8217;altres a:<\/p>\n<ul>\n<li>Els contractes de subministrament de productes confeccionats d&#8217;acord amb les especificacions del consumidor i usuari o, clarament personalitzats, o que per la seva naturalesa no puguin ser tornats o puguin deteriorar-se o caducar amb rapidesa.\n<\/li>\n<\/ul>\n<h4>PRODUCTES<\/h4>\n<p>El client disposar\u00e0 d&#8217;un termini m\u00e0xim de 15 dies naturals des del dia de la recepci\u00f3 del b\u00e9 o producte sol\u00b7licitat per informar CUATELART sobre el desig de desistir del contracte.<\/p>\n<p>El desistiment implica que, CUATELART procedir\u00e0 a la devoluci\u00f3 de l&#8217;import ja abonat pel client en un termini m\u00e0xim d&#8217;un mes, seguint el mateix procediment elegit pel client per abonar-lo (sempre que el producte adquirit no estigui dins de les excepcions indicades anteriorment ).<\/p>\n<p>Durant aquest per\u00edode, el consumidor comunicar\u00e0 a l&#8217;empresari la seva decisi\u00f3 de desistir del contracte emplenant el formulari que es troba al final d&#8217;aquest document i enviant-lo a l&#8217;adre\u00e7a de correu electr\u00f2nic de CUATELART.<\/p>\n<p>QUATELART comunicar\u00e0 al consumidor en suport durador un justificant de recepci\u00f3 del desistiment esmentat.<\/p>\n<p>Per procedir a la devoluci\u00f3 d&#8217;un producte \u00e9s imprescindible que aquest estigui en perfecte estat i amb el corresponent embolcall original, amb tots els seus accessoris i sense haver estat utilitzat.<\/p>\n<p>Un cop rebem la vostra sol\u00b7licitud ens posarem en contacte amb el client per indicar-vos els detalls de la devoluci\u00f3.<\/p>\n<p>El client suportar\u00e0 els costos de retorn dels b\u00e9ns.<\/p>\n<\/p>\n<h4>OBSERVACIONS<\/h4>\n<p>Haur\u00e0 d&#8217;enviar l&#8217;article\/s a l&#8217;embalatge original en qu\u00e8 va ser lliurat per l&#8217;operador log\u00edstic i una nota explicativa del problema detectat. Un cop s&#8217;hagi rebut la devoluci\u00f3, verificarem que els articles tornats es corresponguin amb l&#8217;albar\u00e0 de devoluci\u00f3 i que estiguin en perfectes condicions d&#8217;\u00fas i complets. Si la devoluci\u00f3 \u00e9s satisfact\u00f2ria procedirem a reemborsar-vos els diners de la mateixa manera que vau fer el pagament, en el termini m\u00e0xim d&#8217;un mes.<\/p>\n\t\t\t\t\t\t\t\t<\/div>\n\t\t\t\t<\/div>\n\t\t\t\t\t<\/div>\n\t\t<\/div>\n\t\t\t\t\t<\/div>\n\t\t<\/section>\n\t\t\t\t<section class=\"elementor-section elementor-top-section elementor-element elementor-element-f23d4d5 elementor-section-boxed elementor-section-height-default elementor-section-height-default\" data-id=\"f23d4d5\" data-element_type=\"section\" data-e-type=\"section\" data-settings=\"{&quot;jet_parallax_layout_list&quot;:[],&quot;background_background&quot;:&quot;classic&quot;}\">\n\t\t\t\t\t\t<div class=\"elementor-container elementor-column-gap-default\">\n\t\t\t\t\t<div class=\"elementor-column elementor-col-100 elementor-top-column elementor-element elementor-element-0d5c967\" data-id=\"0d5c967\" data-element_type=\"column\" data-e-type=\"column\">\n\t\t\t<div class=\"elementor-widget-wrap elementor-element-populated\">\n\t\t\t\t\t\t<div class=\"elementor-element elementor-element-0d6ec29 elementor-widget elementor-widget-heading\" data-id=\"0d6ec29\" data-element_type=\"widget\" data-e-type=\"widget\" data-widget_type=\"heading.default\">\n\t\t\t\t<div class=\"elementor-widget-container\">\n\t\t\t\t\t<h2 class=\"elementor-heading-title elementor-size-default\">DURADA, RENOVACI\u00d3 I CANCEL\u00b7LACI\u00d3 DEL CONTRACTE DURADA<\/h2>\t\t\t\t<\/div>\n\t\t\t\t<\/div>\n\t\t\t\t<div class=\"elementor-element elementor-element-d613532 elementor-widget elementor-widget-text-editor\" data-id=\"d613532\" data-element_type=\"widget\" data-e-type=\"widget\" data-widget_type=\"text-editor.default\">\n\t\t\t\t<div class=\"elementor-widget-container\">\n\t\t\t\t\t\t\t\t\t<h4>DURADA<\/h4>\n<p>El Client disposar\u00e0 d&#8217;un termini m\u00e0xim de 15 dies naturals des del lliurament del Producte, per comunicar-ne el desistiment total o parcial de la compra del Producte o servei, de conformitat amb la legislaci\u00f3 aplicable.<\/p>\n<h4>CANCEL\u00b7LACI\u00d3<\/h4>\n<p>La devoluci\u00f3 efectuada en el termini no comportar\u00e0 cap penalitzaci\u00f3. El client suportar\u00e0 els costos de retorn dels b\u00e9ns. Haur\u00e0 d&#8217;enviar l&#8217;article\/s a l&#8217;embalatge original en qu\u00e8 va ser lliurat per l&#8217;operador log\u00edstic i una nota explicativa del problema detectat. Un cop hagi estat recepcionada la devoluci\u00f3 per nosaltres, verificarem que els articles tornats f\u00edsicament es corresponen amb l&#8217;albar\u00e0 de devoluci\u00f3 i addicionalment que aquests han estat rebuts en perfectes condicions d&#8217;\u00fas, complets, al seu embalatge original i sense indicis d&#8217;haver estat usats. Si la comprovaci\u00f3 de l&#8217;estat de la comanda \u00e9s satisfact\u00f2ria, et procedirem a reemborsar els diners de la mateixa manera que va fer el pagament, el termini m\u00e0xim d&#8217;un mes. En cas contrari, ens posarem en contacte amb vost\u00e8 per enviar-li de nou l&#8217;article (els costos de transport associats a aquest nou enviament correran pel seu compte).<\/p>\n\t\t\t\t\t\t\t\t<\/div>\n\t\t\t\t<\/div>\n\t\t\t\t\t<\/div>\n\t\t<\/div>\n\t\t\t\t\t<\/div>\n\t\t<\/section>\n\t\t\t\t<section class=\"elementor-section elementor-top-section elementor-element elementor-element-dab5026 elementor-section-boxed elementor-section-height-default elementor-section-height-default\" data-id=\"dab5026\" data-element_type=\"section\" data-e-type=\"section\" data-settings=\"{&quot;jet_parallax_layout_list&quot;:[],&quot;background_background&quot;:&quot;classic&quot;}\">\n\t\t\t\t\t\t<div class=\"elementor-container elementor-column-gap-default\">\n\t\t\t\t\t<div class=\"elementor-column elementor-col-100 elementor-top-column elementor-element elementor-element-abd5df8\" data-id=\"abd5df8\" data-element_type=\"column\" data-e-type=\"column\">\n\t\t\t<div class=\"elementor-widget-wrap elementor-element-populated\">\n\t\t\t\t\t\t<div class=\"elementor-element elementor-element-9cfae3d elementor-widget elementor-widget-heading\" data-id=\"9cfae3d\" data-element_type=\"widget\" data-e-type=\"widget\" data-widget_type=\"heading.default\">\n\t\t\t\t<div class=\"elementor-widget-container\">\n\t\t\t\t\t<h2 class=\"elementor-heading-title elementor-size-default\">FORMES DE PAGAMENT<\/h2>\t\t\t\t<\/div>\n\t\t\t\t<\/div>\n\t\t\t\t<div class=\"elementor-element elementor-element-ba5f471 elementor-widget elementor-widget-text-editor\" data-id=\"ba5f471\" data-element_type=\"widget\" data-e-type=\"widget\" data-widget_type=\"text-editor.default\">\n\t\t\t\t<div class=\"elementor-widget-container\">\n\t\t\t\t\t\t\t\t\t<p>Posem a la vostra disposici\u00f3 aquestes formes de pagament:<\/p>\n<p><strong>Per targeta de cr\u00e8dit o d\u00e8bit<\/strong><\/p>\n<p>Podeu realitzar el pagament de manera immediata a trav\u00e9s de la passarel\u00b7la de pagament segur SSL del nostre Banc. Si cal fer qualsevol devoluci\u00f3 o cancel\u00b7laci\u00f3 de la comanda, l&#8217;import es reemborsar\u00e0 a trav\u00e9s de la mateixa targeta de pagament. Les dades tant personals com banc\u00e0ries seran protegides amb totes les mesures de seguretat establertes per <em>REGLAMENT<\/em> <em>(UE) 2016\/679<\/em> amb total confidencialitat.<\/p>\n\t\t\t\t\t\t\t\t<\/div>\n\t\t\t\t<\/div>\n\t\t\t\t\t<\/div>\n\t\t<\/div>\n\t\t\t\t\t<\/div>\n\t\t<\/section>\n\t\t\t\t<section class=\"elementor-section elementor-top-section elementor-element elementor-element-40b5eb6 elementor-section-boxed elementor-section-height-default elementor-section-height-default\" data-id=\"40b5eb6\" data-element_type=\"section\" data-e-type=\"section\" data-settings=\"{&quot;jet_parallax_layout_list&quot;:[]}\">\n\t\t\t\t\t\t<div class=\"elementor-container elementor-column-gap-default\">\n\t\t\t\t\t<div class=\"elementor-column elementor-col-100 elementor-top-column elementor-element elementor-element-a949861\" data-id=\"a949861\" data-element_type=\"column\" data-e-type=\"column\">\n\t\t\t<div class=\"elementor-widget-wrap elementor-element-populated\">\n\t\t\t\t\t\t<div class=\"elementor-element elementor-element-94d166f elementor-widget elementor-widget-heading\" data-id=\"94d166f\" data-element_type=\"widget\" data-e-type=\"widget\" data-widget_type=\"heading.default\">\n\t\t\t\t<div class=\"elementor-widget-container\">\n\t\t\t\t\t<h2 class=\"elementor-heading-title elementor-size-default\">ATENCI\u00d3 AL CLIENT I RECLAMACIONS<\/h2>\t\t\t\t<\/div>\n\t\t\t\t<\/div>\n\t\t\t\t<div class=\"elementor-element elementor-element-524c5ed elementor-widget elementor-widget-text-editor\" data-id=\"524c5ed\" data-element_type=\"widget\" data-e-type=\"widget\" data-widget_type=\"text-editor.default\">\n\t\t\t\t<div class=\"elementor-widget-container\">\n\t\t\t\t\t\t\t\t\t<p>Per interposar qualsevol queixa o reclamaci\u00f3 davant de CUATELART el client haur\u00e0 d&#8217;adre\u00e7ar-se al departament d&#8217;atenci\u00f3 al client b\u00e9 al n\u00famero de tel\u00e8fon Telf. .com.<\/p>\n<p>Segons la Resoluci\u00f3 de litigis en l\u00ednia en mat\u00e8ria de consum de la UE i conforme a l&#8217;Art. 14.1 del Reglament (UE) 524\/2013, us informem que la Comissi\u00f3 Europea facilita a tots els consumidors una plataforma de resoluci\u00f3 de litigis en l\u00ednia que es troba disponible al seg\u00fcent enlla\u00e7: http:\/\/ec.europa.eu\/consumers\/odr\/.<\/p>\n\t\t\t\t\t\t\t\t<\/div>\n\t\t\t\t<\/div>\n\t\t\t\t\t<\/div>\n\t\t<\/div>\n\t\t\t\t\t<\/div>\n\t\t<\/section>\n\t\t\t\t<\/div>\n\t\t","protected":false},"excerpt":{"rendered":"<p>Termes i condicions d&#8217;\u00fas PROC\u00c9S DE COMPRA I\/O CONTRACTACI\u00d3 Per realitzar qualsevol compra a www.starmodul.com cal que el client sigui m\u00e9s gran. A m\u00e9s, caldr\u00e0 que el client es registri a www.starmodul.com a trav\u00e9s d&#8217;un formulari de recollida de dades en qu\u00e8 es proporcioni a CUATELART la informaci\u00f3 necess\u00e0ria per a la contractaci\u00f3; dades que [&hellip;]<\/p>\n","protected":false},"author":303,"featured_media":0,"parent":0,"menu_order":0,"comment_status":"closed","ping_status":"closed","template":"elementor_header_footer","meta":{"footnotes":""},"class_list":["post-10112","page","type-page","status-publish","hentry"],"_links":{"self":[{"href":"https:\/\/starmodul.com\/ca\/wp-json\/wp\/v2\/pages\/10112","targetHints":{"allow":["GET"]}}],"collection":[{"href":"https:\/\/starmodul.com\/ca\/wp-json\/wp\/v2\/pages"}],"about":[{"href":"https:\/\/starmodul.com\/ca\/wp-json\/wp\/v2\/types\/page"}],"author":[{"embeddable":true,"href":"https:\/\/starmodul.com\/ca\/wp-json\/wp\/v2\/users\/303"}],"replies":[{"embeddable":true,"href":"https:\/\/starmodul.com\/ca\/wp-json\/wp\/v2\/comments?post=10112"}],"version-history":[{"count":0,"href":"https:\/\/starmodul.com\/ca\/wp-json\/wp\/v2\/pages\/10112\/revisions"}],"wp:attachment":[{"href":"https:\/\/starmodul.com\/ca\/wp-json\/wp\/v2\/media?parent=10112"}],"curies":[{"name":"wp","href":"https:\/\/api.w.org\/{rel}","templated":true}]}}